{"id":8,"date":"2026-04-13T13:01:55","date_gmt":"2026-04-13T13:01:55","guid":{"rendered":"https:\/\/carnet.pascot.ca\/?page_id=8"},"modified":"2026-04-13T14:34:38","modified_gmt":"2026-04-13T18:34:38","slug":"accueil","status":"publish","type":"page","link":"https:\/\/carnet.pascot.ca\/","title":{"rendered":"Accueil"},"content":{"rendered":"\n<h2 class=\"wp-block-heading has-text-align-center\">Mon carnet au fil du temps<\/h2>\n\n\n\n<div class=\"wp-block-query is-layout-flow wp-block-query-is-layout-flow\"><ul class=\"wp-block-post-template is-layout-flow wp-block-post-template-is-layout-flow\"><li class=\"wp-block-post post-17 post type-post status-publish format-standard has-post-thumbnail hentry category-litterature category-poesie tag-lu\">\n<style>.kb-row-layout-id8_05420b-ff > .kt-row-column-wrap{align-content:start;}:where(.kb-row-layout-id8_05420b-ff > .kt-row-column-wrap) > .wp-block-kadence-column{justify-content:start;}.kb-row-layout-id8_05420b-ff > .kt-row-column-wrap{column-gap:var(--global-kb-gap-md, 2rem);row-gap:var(--global-kb-gap-md, 2rem);padding-top:var(--global-kb-spacing-sm, 1.5rem);padding-bottom:var(--global-kb-spacing-sm, 1.5rem);grid-template-columns:minmax(0, calc(15% - ((var(--global-kb-gap-md, 2rem) * 2 )\/3)))minmax(0, calc(70% - ((var(--global-kb-gap-md, 2rem) * 2 )\/3)))minmax(0, calc(15% - ((var(--global-kb-gap-md, 2rem) * 2 )\/3)));}.kb-row-layout-id8_05420b-ff > .kt-row-layout-overlay{opacity:0.30;}@media all and (max-width: 1024px){.kb-row-layout-id8_05420b-ff > .kt-row-column-wrap > div:not(.added-for-specificity){grid-column:initial;}}@media all and (max-width: 1024px){.kb-row-layout-id8_05420b-ff > .kt-row-column-wrap{grid-template-columns:repeat(3, minmax(0, 1fr));}}@media all and (max-width: 767px){.kb-row-layout-id8_05420b-ff > .kt-row-column-wrap > div:not(.added-for-specificity){grid-column:initial;}.kb-row-layout-id8_05420b-ff > .kt-row-column-wrap{grid-template-columns:minmax(0, 1fr);}}<\/style><div class=\"kb-row-layout-wrap kb-row-layout-id8_05420b-ff alignnone has-theme-palette7-background-color kt-row-has-bg wp-block-kadence-rowlayout\"><div class=\"kt-row-column-wrap kt-has-3-columns kt-row-layout-equal kt-tab-layout-inherit kt-mobile-layout-row kt-row-valign-top\">\n<style>.kadence-column8_9a406d-55 > .kt-inside-inner-col,.kadence-column8_9a406d-55 > .kt-inside-inner-col:before{border-top-left-radius:0px;border-top-right-radius:0px;border-bottom-right-radius:0px;border-bottom-left-radius:0px;}.kadence-column8_9a406d-55 > .kt-inside-inner-col{column-gap:var(--global-kb-gap-sm, 1rem);}.kadence-column8_9a406d-55 > .kt-inside-inner-col{flex-direction:column;}.kadence-column8_9a406d-55 > .kt-inside-inner-col > .aligncenter{width:100%;}.kadence-column8_9a406d-55 > .kt-inside-inner-col:before{opacity:0.3;}.kadence-column8_9a406d-55{position:relative;}@media all and (max-width: 1024px){.kadence-column8_9a406d-55 > .kt-inside-inner-col{flex-direction:column;justify-content:center;}}@media all and (max-width: 767px){.kadence-column8_9a406d-55 > .kt-inside-inner-col{flex-direction:column;justify-content:center;}}<\/style>\n<div class=\"wp-block-kadence-column kadence-column8_9a406d-55\"><div class=\"kt-inside-inner-col\"><figure class=\"wp-block-post-featured-image\"><img loading=\"lazy\" decoding=\"async\" width=\"400\" height=\"586\" src=\"https:\/\/carnet.pascot.ca\/wp-content\/uploads\/2026\/04\/Le-Chat-du-jardinier.jpg\" class=\"attachment-post-thumbnail size-post-thumbnail wp-post-image\" alt=\"\" style=\"object-fit:cover;\" srcset=\"https:\/\/carnet.pascot.ca\/wp-content\/uploads\/2026\/04\/Le-Chat-du-jardinier.jpg 400w, https:\/\/carnet.pascot.ca\/wp-content\/uploads\/2026\/04\/Le-Chat-du-jardinier-205x300.jpg 205w\" sizes=\"auto, (max-width: 400px) 100vw, 400px\" \/><\/figure>\n\n<div class=\"wp-block-post-comments-link\"><a href=https:\/\/carnet.pascot.ca\/?p=17#respond>Aucun commentaire<span class=\"screen-reader-text\"> sur Le chat du jardinier [Thomas Schlesser]<\/span><\/a><\/div><\/div><\/div>\n\n\n<style>.kadence-column8_b0047c-ed > .kt-inside-inner-col,.kadence-column8_b0047c-ed > .kt-inside-inner-col:before{border-top-left-radius:0px;border-top-right-radius:0px;border-bottom-right-radius:0px;border-bottom-left-radius:0px;}.kadence-column8_b0047c-ed > .kt-inside-inner-col{column-gap:var(--global-kb-gap-sm, 1rem);}.kadence-column8_b0047c-ed > .kt-inside-inner-col{flex-direction:column;}.kadence-column8_b0047c-ed > .kt-inside-inner-col > .aligncenter{width:100%;}.kadence-column8_b0047c-ed > .kt-inside-inner-col:before{opacity:0.3;}.kadence-column8_b0047c-ed{position:relative;}@media all and (max-width: 1024px){.kadence-column8_b0047c-ed > .kt-inside-inner-col{flex-direction:column;justify-content:center;}}@media all and (max-width: 767px){.kadence-column8_b0047c-ed > .kt-inside-inner-col{flex-direction:column;justify-content:center;}}<\/style>\n<div class=\"wp-block-kadence-column kadence-column8_b0047c-ed\"><div class=\"kt-inside-inner-col\"><h2 class=\"wp-block-post-title\">Le chat du jardinier [Thomas Schlesser]<\/h2>\n\n<div class=\"wp-block-post-excerpt\"><p class=\"wp-block-post-excerpt__excerpt\">Louis, taiseux et solitaire, est jardinier en Provence. Sa vie s&rsquo;effondre quand il d\u00e9couvre que son chat a une tumeur. Sa nouvelle voisine, Thalie, professeure de lettres \u00e0 la retraite, lui redonne le go\u00fbt de vivre en lui faisant d\u00e9clamer devant ses arbres les textes des grands po\u00e8tes d&rsquo;hier et d&rsquo;aujourd&rsquo;hui, de Sapho \u00e0 Rimbaud&#8230; <\/p><\/div>\n\n\n<!--more-->\n<\/div><\/div>\n\n\n<style>.kadence-column8_1522b0-4b > .kt-inside-inner-col,.kadence-column8_1522b0-4b > .kt-inside-inner-col:before{border-top-left-radius:0px;border-top-right-radius:0px;border-bottom-right-radius:0px;border-bottom-left-radius:0px;}.kadence-column8_1522b0-4b > .kt-inside-inner-col{column-gap:var(--global-kb-gap-sm, 1rem);}.kadence-column8_1522b0-4b > .kt-inside-inner-col{flex-direction:column;}.kadence-column8_1522b0-4b > .kt-inside-inner-col > .aligncenter{width:100%;}.kadence-column8_1522b0-4b > .kt-inside-inner-col:before{opacity:0.3;}.kadence-column8_1522b0-4b{position:relative;}@media all and (max-width: 1024px){.kadence-column8_1522b0-4b > .kt-inside-inner-col{flex-direction:column;justify-content:center;}}@media all and (max-width: 767px){.kadence-column8_1522b0-4b > .kt-inside-inner-col{flex-direction:column;justify-content:center;}}<\/style>\n<div class=\"wp-block-kadence-column kadence-column8_1522b0-4b\"><div class=\"kt-inside-inner-col\"><div class=\"wp-block-post-date\"><time datetime=\"2026-04-13T13:29:14-04:00\">13 avril 2026<\/time><\/div>\n\n<div class=\"taxonomy-category wp-block-post-terms\"><a href=\"https:\/\/carnet.pascot.ca\/?cat=20\" rel=\"tag\">Litt\u00e9rature<\/a><span class=\"wp-block-post-terms__separator\">, <\/span><a href=\"https:\/\/carnet.pascot.ca\/?cat=19\" rel=\"tag\">Po\u00e9sie<\/a><\/div><\/div><\/div>\n\n<\/div><\/div>\n<\/li><li class=\"wp-block-post post-1 post type-post status-publish format-standard hentry category-uncategorized\">\n<style>.kb-row-layout-id8_05420b-ff > .kt-row-column-wrap{align-content:start;}:where(.kb-row-layout-id8_05420b-ff > .kt-row-column-wrap) > .wp-block-kadence-column{justify-content:start;}.kb-row-layout-id8_05420b-ff > .kt-row-column-wrap{column-gap:var(--global-kb-gap-md, 2rem);row-gap:var(--global-kb-gap-md, 2rem);padding-top:var(--global-kb-spacing-sm, 1.5rem);padding-bottom:var(--global-kb-spacing-sm, 1.5rem);grid-template-columns:minmax(0, calc(15% - ((var(--global-kb-gap-md, 2rem) * 2 )\/3)))minmax(0, calc(70% - ((var(--global-kb-gap-md, 2rem) * 2 )\/3)))minmax(0, calc(15% - ((var(--global-kb-gap-md, 2rem) * 2 )\/3)));}.kb-row-layout-id8_05420b-ff > .kt-row-layout-overlay{opacity:0.30;}@media all and (max-width: 1024px){.kb-row-layout-id8_05420b-ff > .kt-row-column-wrap > div:not(.added-for-specificity){grid-column:initial;}}@media all and (max-width: 1024px){.kb-row-layout-id8_05420b-ff > .kt-row-column-wrap{grid-template-columns:repeat(3, minmax(0, 1fr));}}@media all and (max-width: 767px){.kb-row-layout-id8_05420b-ff > .kt-row-column-wrap > div:not(.added-for-specificity){grid-column:initial;}.kb-row-layout-id8_05420b-ff > .kt-row-column-wrap{grid-template-columns:minmax(0, 1fr);}}<\/style><div class=\"kb-row-layout-wrap kb-row-layout-id8_05420b-ff alignnone has-theme-palette7-background-color kt-row-has-bg wp-block-kadence-rowlayout\"><div class=\"kt-row-column-wrap kt-has-3-columns kt-row-layout-equal kt-tab-layout-inherit kt-mobile-layout-row kt-row-valign-top\">\n<style>.kadence-column8_9a406d-55 > .kt-inside-inner-col,.kadence-column8_9a406d-55 > .kt-inside-inner-col:before{border-top-left-radius:0px;border-top-right-radius:0px;border-bottom-right-radius:0px;border-bottom-left-radius:0px;}.kadence-column8_9a406d-55 > .kt-inside-inner-col{column-gap:var(--global-kb-gap-sm, 1rem);}.kadence-column8_9a406d-55 > .kt-inside-inner-col{flex-direction:column;}.kadence-column8_9a406d-55 > .kt-inside-inner-col > .aligncenter{width:100%;}.kadence-column8_9a406d-55 > .kt-inside-inner-col:before{opacity:0.3;}.kadence-column8_9a406d-55{position:relative;}@media all and (max-width: 1024px){.kadence-column8_9a406d-55 > .kt-inside-inner-col{flex-direction:column;justify-content:center;}}@media all and (max-width: 767px){.kadence-column8_9a406d-55 > .kt-inside-inner-col{flex-direction:column;justify-content:center;}}<\/style>\n<div class=\"wp-block-kadence-column kadence-column8_9a406d-55\"><div class=\"kt-inside-inner-col\">\n\n<div class=\"wp-block-post-comments-link\"><a href=https:\/\/carnet.pascot.ca\/?p=1#comments>1 commentaire<span class=\"screen-reader-text\"> sur Hello world!<\/span><\/a><\/div><\/div><\/div>\n\n\n<style>.kadence-column8_b0047c-ed > .kt-inside-inner-col,.kadence-column8_b0047c-ed > .kt-inside-inner-col:before{border-top-left-radius:0px;border-top-right-radius:0px;border-bottom-right-radius:0px;border-bottom-left-radius:0px;}.kadence-column8_b0047c-ed > .kt-inside-inner-col{column-gap:var(--global-kb-gap-sm, 1rem);}.kadence-column8_b0047c-ed > .kt-inside-inner-col{flex-direction:column;}.kadence-column8_b0047c-ed > .kt-inside-inner-col > .aligncenter{width:100%;}.kadence-column8_b0047c-ed > .kt-inside-inner-col:before{opacity:0.3;}.kadence-column8_b0047c-ed{position:relative;}@media all and (max-width: 1024px){.kadence-column8_b0047c-ed > .kt-inside-inner-col{flex-direction:column;justify-content:center;}}@media all and (max-width: 767px){.kadence-column8_b0047c-ed > .kt-inside-inner-col{flex-direction:column;justify-content:center;}}<\/style>\n<div class=\"wp-block-kadence-column kadence-column8_b0047c-ed\"><div class=\"kt-inside-inner-col\"><h2 class=\"wp-block-post-title\">Hello world!<\/h2>\n\n<div class=\"wp-block-post-excerpt\"><p class=\"wp-block-post-excerpt__excerpt\">Welcome to WordPress. This is your first post. Edit or delete it, then start writing! <\/p><\/div>\n\n\n<!--more-->\n<\/div><\/div>\n\n\n<style>.kadence-column8_1522b0-4b > .kt-inside-inner-col,.kadence-column8_1522b0-4b > .kt-inside-inner-col:before{border-top-left-radius:0px;border-top-right-radius:0px;border-bottom-right-radius:0px;border-bottom-left-radius:0px;}.kadence-column8_1522b0-4b > .kt-inside-inner-col{column-gap:var(--global-kb-gap-sm, 1rem);}.kadence-column8_1522b0-4b > .kt-inside-inner-col{flex-direction:column;}.kadence-column8_1522b0-4b > .kt-inside-inner-col > .aligncenter{width:100%;}.kadence-column8_1522b0-4b > .kt-inside-inner-col:before{opacity:0.3;}.kadence-column8_1522b0-4b{position:relative;}@media all and (max-width: 1024px){.kadence-column8_1522b0-4b > .kt-inside-inner-col{flex-direction:column;justify-content:center;}}@media all and (max-width: 767px){.kadence-column8_1522b0-4b > .kt-inside-inner-col{flex-direction:column;justify-content:center;}}<\/style>\n<div class=\"wp-block-kadence-column kadence-column8_1522b0-4b\"><div class=\"kt-inside-inner-col\"><div class=\"wp-block-post-date\"><time datetime=\"2026-04-13T00:23:31-04:00\">13 avril 2026<\/time><\/div>\n\n<div class=\"taxonomy-category wp-block-post-terms\"><a href=\"https:\/\/carnet.pascot.ca\/?cat=1\" rel=\"tag\">Uncategorized<\/a><\/div><\/div><\/div>\n\n<\/div><\/div>\n<\/li><\/ul>\n\n<style>.wp-block-kadence-spacer.kt-block-spacer-8_0089d6-3a .kt-block-spacer{height:60px;}.wp-block-kadence-spacer.kt-block-spacer-8_0089d6-3a .kt-divider{border-top-width:1px;height:1px;border-top-color:#eee;width:80%;border-top-style:solid;}<\/style>\n<div class=\"wp-block-kadence-spacer aligncenter kt-block-spacer-8_0089d6-3a\"><div class=\"kt-block-spacer kt-block-spacer-halign-center\"><hr class=\"kt-divider\"\/><\/div><\/div>\n\n\n<\/div>\n","protected":false},"excerpt":{"rendered":"<p>Mon carnet au fil du temps<\/p>\n","protected":false},"author":1,"featured_media":0,"parent":0,"menu_order":0,"comment_status":"closed","ping_status":"closed","template":"","meta":{"_kadence_starter_templates_imported_post":false,"_kad_post_transparent":"disable","_kad_post_title":"hide","_kad_post_layout":"normal","_kad_post_sidebar_id":"","_kad_post_content_style":"","_kad_post_vertical_padding":"","_kad_post_feature":"","_kad_post_feature_position":"","_kad_post_header":false,"_kad_post_footer":false,"_kad_post_classname":"","footnotes":""},"class_list":["post-8","page","type-page","status-publish","hentry"],"_links":{"self":[{"href":"https:\/\/carnet.pascot.ca\/index.php?rest_route=\/wp\/v2\/pages\/8","targetHints":{"allow":["GET"]}}],"collection":[{"href":"https:\/\/carnet.pascot.ca\/index.php?rest_route=\/wp\/v2\/pages"}],"about":[{"href":"https:\/\/carnet.pascot.ca\/index.php?rest_route=\/wp\/v2\/types\/page"}],"author":[{"embeddable":true,"href":"https:\/\/carnet.pascot.ca\/index.php?rest_route=\/wp\/v2\/users\/1"}],"replies":[{"embeddable":true,"href":"https:\/\/carnet.pascot.ca\/index.php?rest_route=%2Fwp%2Fv2%2Fcomments&post=8"}],"version-history":[{"count":12,"href":"https:\/\/carnet.pascot.ca\/index.php?rest_route=\/wp\/v2\/pages\/8\/revisions"}],"predecessor-version":[{"id":41,"href":"https:\/\/carnet.pascot.ca\/index.php?rest_route=\/wp\/v2\/pages\/8\/revisions\/41"}],"wp:attachment":[{"href":"https:\/\/carnet.pascot.ca\/index.php?rest_route=%2Fwp%2Fv2%2Fmedia&parent=8"}],"curies":[{"name":"wp","href":"https:\/\/api.w.org\/{rel}","templated":true}]}}